{"id":401,"date":"2021-11-01T11:30:50","date_gmt":"2021-11-01T11:30:50","guid":{"rendered":"https:\/\/demo.athemes.com\/sydney-main\/?page_id=401"},"modified":"2024-09-25T15:26:34","modified_gmt":"2024-09-25T18:26:34","slug":"about","status":"publish","type":"page","link":"https:\/\/4biss.com\/index.php\/about\/","title":{"rendered":"4Biss"},"content":{"rendered":"\t\t<div data-elementor-type=\"wp-page\" data-elementor-id=\"401\" class=\"elementor elementor-401\">\n\t\t\t\t\t\t<section class=\"elementor-section elementor-top-section elementor-element elementor-element-8599f8c elementor-section-height-min-height elementor-section-items-top elementor-section-boxed elementor-section-height-default\" data-id=\"8599f8c\" data-element_type=\"section\" data-settings=\"{&quot;background_background&quot;:&quot;classic&quot;}\">\n\t\t\t\t\t\t\t<div class=\"elementor-background-overlay\"><\/div>\n\t\t\t\t\t\t\t<div class=\"elementor-container elementor-column-gap-default\">\n\t\t\t\t\t<div class=\"elementor-column elementor-col-100 elementor-top-column elementor-element elementor-element-c3c525d\" data-id=\"c3c525d\" data-element_type=\"column\">\n\t\t\t<div class=\"elementor-widget-wrap elementor-element-populated\">\n\t\t\t\t\t\t\t<\/div>\n\t\t<\/div>\n\t\t\t\t\t<\/div>\n\t\t<\/section>\n\t\t<div class=\"elementor-element elementor-element-901f73b e-flex e-con-boxed e-con e-parent\" data-id=\"901f73b\" data-element_type=\"container\" data-settings=\"{&quot;background_background&quot;:&quot;classic&quot;}\">\n\t\t\t\t\t<div class=\"e-con-inner\">\n\t\t\t\t<div class=\"elementor-element elementor-element-a322666 elementor-widget elementor-widget-text-editor\" data-id=\"a322666\" data-element_type=\"widget\" data-widget_type=\"text-editor.default\">\n\t\t\t\t<div class=\"elementor-widget-container\">\n\t\t\t<style>\/*! elementor - v3.23.0 - 05-08-2024 *\/\n.elementor-widget-text-editor.elementor-drop-cap-view-stacked .elementor-drop-cap{background-color:#69727d;color:#fff}.elementor-widget-text-editor.elementor-drop-cap-view-framed .elementor-drop-cap{color:#69727d;border:3px solid;background-color:transparent}.elementor-widget-text-editor:not(.elementor-drop-cap-view-default) .elementor-drop-cap{margin-top:8px}.elementor-widget-text-editor:not(.elementor-drop-cap-view-default) .elementor-drop-cap-letter{width:1em;height:1em}.elementor-widget-text-editor .elementor-drop-cap{float:left;text-align:center;line-height:1;font-size:50px}.elementor-widget-text-editor .elementor-drop-cap-letter{display:inline-block}<\/style>\t\t\t\t<div class=\"elementor-element elementor-element-3b1e4f6 elementor-widget elementor-widget-text-editor\" data-id=\"3b1e4f6\" data-element_type=\"widget\" data-widget_type=\"text-editor.default\"><div class=\"elementor-widget-container\"><div class=\"elementor-text-editor elementor-clearfix\"><h3 style=\"text-align: left;\"><span style=\"color: #ffffff;\">4BISS<\/span><\/h3><\/div><\/div><\/div>\t\t\t\t\t\t<\/div>\n\t\t\t\t<\/div>\n\t\t\t\t\t<\/div>\n\t\t\t\t<\/div>\n\t\t\t\t<section class=\"elementor-section elementor-top-section elementor-element elementor-element-eedafb9 elementor-section-content-middle elementor-section-boxed elementor-section-height-default elementor-section-height-default\" data-id=\"eedafb9\" data-element_type=\"section\" data-settings=\"{&quot;background_background&quot;:&quot;classic&quot;}\">\n\t\t\t\t\t\t<div class=\"elementor-container elementor-column-gap-default\">\n\t\t\t\t\t<div class=\"elementor-column elementor-col-100 elementor-top-column elementor-element elementor-element-571508b\" data-id=\"571508b\" data-element_type=\"column\">\n\t\t\t<div class=\"elementor-widget-wrap elementor-element-populated\">\n\t\t\t\t\t\t<div class=\"elementor-element elementor-element-1cf0f1c elementor-widget elementor-widget-text-editor\" data-id=\"1cf0f1c\" data-element_type=\"widget\" data-widget_type=\"text-editor.default\">\n\t\t\t\t<div class=\"elementor-widget-container\">\n\t\t\t\t\t\t\t<div class=\"elementor-element elementor-element-4b98c17 elementor-widget elementor-widget-text-editor\" data-id=\"4b98c17\" data-element_type=\"widget\" data-widget_type=\"text-editor.default\"><div class=\"elementor-widget-container\"><div class=\"elementor-text-editor elementor-clearfix\"><p>Nuestra compa\u00f1\u00eda nace en el a\u00f1o 2019 con la necesidad de dar una respuesta a la intermediaci\u00f3n internacional del mercado transaccional hotelero.<\/p><p>Con Sede Corporativa en la Rep\u00fablica Argentina y representaci\u00f3n comercial en los mercados m\u00e1s importantes del mundo, brindamos servicios y gesti\u00f3n en inversiones hoteleras.<\/p><p>Desde nuestros inicios nos hemos concentrado en estudiar el mercado y simplificar los procesos de intermediaci\u00f3n, mediante la conformaci\u00f3n de una red confiable y efectiva que nos ha permitido llegar en forma directa a inversores, propietarios y operadores del sector.<\/p><p>Gracias a ello, m\u00e1s de 70 empresas han confiado en nosotros para direccionar sus planes de inversi\u00f3n y expansi\u00f3n.<\/p><p>En los pr\u00f3ximos 5 a\u00f1os proyectamos un crecimiento exponencial de la compa\u00f1\u00eda que nos ubicar\u00e1 entre las 10 m\u00e1s importantes del segmento mundial.<\/p><\/div><\/div><\/div>\t\t\t\t\t\t<\/div>\n\t\t\t\t<\/div>\n\t\t\t\t\t<\/div>\n\t\t<\/div>\n\t\t\t\t\t<\/div>\n\t\t<\/section>\n\t\t<div class=\"elementor-element elementor-element-f23f9de e-flex e-con-boxed e-con e-parent\" data-id=\"f23f9de\" data-element_type=\"container\" data-settings=\"{&quot;background_background&quot;:&quot;classic&quot;}\">\n\t\t\t\t\t<div class=\"e-con-inner\">\n\t\t\t\t<div class=\"elementor-element elementor-element-bfb2fd9 elementor-widget elementor-widget-text-editor\" data-id=\"bfb2fd9\" data-element_type=\"widget\" data-widget_type=\"text-editor.default\">\n\t\t\t\t<div class=\"elementor-widget-container\">\n\t\t\t\t\t\t\t<div class=\"elementor-element elementor-element-3b1e4f6 elementor-widget elementor-widget-text-editor\" data-id=\"3b1e4f6\" data-element_type=\"widget\" data-widget_type=\"text-editor.default\"><div class=\"elementor-widget-container\"><div class=\"elementor-text-editor elementor-clearfix\"><h3><span style=\"color: #ffffff;\">Nuestro Equipo<\/span><\/h3><\/div><\/div><\/div>\t\t\t\t\t\t<\/div>\n\t\t\t\t<\/div>\n\t\t\t\t\t<\/div>\n\t\t\t\t<\/div>\n\t\t\t\t<section class=\"elementor-section elementor-top-section elementor-element elementor-element-aa357ca elementor-section-boxed elementor-section-height-default elementor-section-height-default\" data-id=\"aa357ca\" data-element_type=\"section\">\n\t\t\t\t\t\t<div class=\"elementor-container elementor-column-gap-default\">\n\t\t\t\t\t<div class=\"elementor-column elementor-col-100 elementor-top-column elementor-element elementor-element-50a14cd\" data-id=\"50a14cd\" data-element_type=\"column\">\n\t\t\t<div class=\"elementor-widget-wrap elementor-element-populated\">\n\t\t\t\t\t\t<section class=\"elementor-section elementor-inner-section elementor-element elementor-element-fc4bb31 elementor-section-boxed elementor-section-height-default elementor-section-height-default\" data-id=\"fc4bb31\" data-element_type=\"section\">\n\t\t\t\t\t\t<div class=\"elementor-container elementor-column-gap-extended\">\n\t\t\t\t\t<div class=\"elementor-column elementor-col-33 elementor-inner-column elementor-element elementor-element-5daae18\" data-id=\"5daae18\" data-element_type=\"column\">\n\t\t\t<div class=\"elementor-widget-wrap elementor-element-populated\">\n\t\t\t\t\t\t<div class=\"elementor-element elementor-element-0b0f7d5 elementor-widget elementor-widget-image\" data-id=\"0b0f7d5\" data-element_type=\"widget\" data-widget_type=\"image.default\">\n\t\t\t\t<div class=\"elementor-widget-container\">\n\t\t\t<style>\/*! elementor - v3.23.0 - 05-08-2024 *\/\n.elementor-widget-image{text-align:center}.elementor-widget-image a{display:inline-block}.elementor-widget-image a img[src$=\".svg\"]{width:48px}.elementor-widget-image img{vertical-align:middle;display:inline-block}<\/style>\t\t\t\t\t\t\t\t\t\t<img fetchpriority=\"high\" decoding=\"async\" width=\"298\" height=\"300\" src=\"https:\/\/4biss.com\/wp-content\/uploads\/2024\/08\/Mariano-Adrian-Poomares-01-298x300.jpg\" class=\"attachment-medium size-medium wp-image-1806\" alt=\"\" srcset=\"https:\/\/4biss.com\/wp-content\/uploads\/2024\/08\/Mariano-Adrian-Poomares-01-298x300.jpg 298w, https:\/\/4biss.com\/wp-content\/uploads\/2024\/08\/Mariano-Adrian-Poomares-01-150x150.jpg 150w, https:\/\/4biss.com\/wp-content\/uploads\/2024\/08\/Mariano-Adrian-Poomares-01-230x231.jpg 230w, https:\/\/4biss.com\/wp-content\/uploads\/2024\/08\/Mariano-Adrian-Poomares-01-350x352.jpg 350w, https:\/\/4biss.com\/wp-content\/uploads\/2024\/08\/Mariano-Adrian-Poomares-01-480x483.jpg 480w, https:\/\/4biss.com\/wp-content\/uploads\/2024\/08\/Mariano-Adrian-Poomares-01.jpg 500w\" sizes=\"(max-width: 298px) 100vw, 298px\" \/>\t\t\t\t\t\t\t\t\t\t\t\t\t<\/div>\n\t\t\t\t<\/div>\n\t\t\t\t<div class=\"elementor-element elementor-element-23cfe40 elementor-widget elementor-widget-text-editor\" data-id=\"23cfe40\" data-element_type=\"widget\" data-widget_type=\"text-editor.default\">\n\t\t\t\t<div class=\"elementor-widget-container\">\n\t\t\t\t\t\t\t<p class=\"elementor-image-box-title\" style=\"text-align: left;\"><span style=\"color: #000000;\"><strong>Mariano Adrian Pomares<\/strong><\/span><br \/><span style=\"color: #000000;\">CEO<\/span><\/p>\t\t\t\t\t\t<\/div>\n\t\t\t\t<\/div>\n\t\t\t\t\t<\/div>\n\t\t<\/div>\n\t\t\t\t<div class=\"elementor-column elementor-col-33 elementor-inner-column elementor-element elementor-element-806cbc0\" data-id=\"806cbc0\" data-element_type=\"column\">\n\t\t\t<div class=\"elementor-widget-wrap elementor-element-populated\">\n\t\t\t\t\t\t<div class=\"elementor-element elementor-element-a445c51 elementor-widget elementor-widget-image\" data-id=\"a445c51\" data-element_type=\"widget\" data-widget_type=\"image.default\">\n\t\t\t\t<div class=\"elementor-widget-container\">\n\t\t\t\t\t\t\t\t\t\t\t\t\t<img decoding=\"async\" width=\"298\" height=\"300\" src=\"https:\/\/4biss.com\/wp-content\/uploads\/2024\/08\/Federico-Pomares-298x300.jpg\" class=\"attachment-medium size-medium wp-image-1803\" alt=\"\" srcset=\"https:\/\/4biss.com\/wp-content\/uploads\/2024\/08\/Federico-Pomares-298x300.jpg 298w, https:\/\/4biss.com\/wp-content\/uploads\/2024\/08\/Federico-Pomares-150x150.jpg 150w, https:\/\/4biss.com\/wp-content\/uploads\/2024\/08\/Federico-Pomares-230x231.jpg 230w, https:\/\/4biss.com\/wp-content\/uploads\/2024\/08\/Federico-Pomares-350x352.jpg 350w, https:\/\/4biss.com\/wp-content\/uploads\/2024\/08\/Federico-Pomares-480x483.jpg 480w, https:\/\/4biss.com\/wp-content\/uploads\/2024\/08\/Federico-Pomares.jpg 500w\" sizes=\"(max-width: 298px) 100vw, 298px\" \/>\t\t\t\t\t\t\t\t\t\t\t\t\t<\/div>\n\t\t\t\t<\/div>\n\t\t\t\t<div class=\"elementor-element elementor-element-53e612e elementor-widget elementor-widget-text-editor\" data-id=\"53e612e\" data-element_type=\"widget\" data-widget_type=\"text-editor.default\">\n\t\t\t\t<div class=\"elementor-widget-container\">\n\t\t\t\t\t\t\t<p class=\"elementor-image-box-title\" style=\"text-align: left;\"><strong><span style=\"color: #333333;\">Federico Mat\u00edas Pomares<\/span><\/strong><br \/><span style=\"color: #333333;\">An\u00e1lisis de Activos<\/span><\/p>\t\t\t\t\t\t<\/div>\n\t\t\t\t<\/div>\n\t\t\t\t\t<\/div>\n\t\t<\/div>\n\t\t\t\t<div class=\"elementor-column elementor-col-33 elementor-inner-column elementor-element elementor-element-a7613a5\" data-id=\"a7613a5\" data-element_type=\"column\">\n\t\t\t<div class=\"elementor-widget-wrap elementor-element-populated\">\n\t\t\t\t\t\t<div class=\"elementor-element elementor-element-749ec81 elementor-widget elementor-widget-image\" data-id=\"749ec81\" data-element_type=\"widget\" data-widget_type=\"image.default\">\n\t\t\t\t<div class=\"elementor-widget-container\">\n\t\t\t\t\t\t\t\t\t\t\t\t\t<img decoding=\"async\" width=\"298\" height=\"300\" src=\"https:\/\/4biss.com\/wp-content\/uploads\/2024\/08\/Alejandra-de-la-Cruz-298x300.jpg\" class=\"attachment-medium size-medium wp-image-1802\" alt=\"\" srcset=\"https:\/\/4biss.com\/wp-content\/uploads\/2024\/08\/Alejandra-de-la-Cruz-298x300.jpg 298w, https:\/\/4biss.com\/wp-content\/uploads\/2024\/08\/Alejandra-de-la-Cruz-150x150.jpg 150w, https:\/\/4biss.com\/wp-content\/uploads\/2024\/08\/Alejandra-de-la-Cruz-230x231.jpg 230w, https:\/\/4biss.com\/wp-content\/uploads\/2024\/08\/Alejandra-de-la-Cruz-350x352.jpg 350w, https:\/\/4biss.com\/wp-content\/uploads\/2024\/08\/Alejandra-de-la-Cruz-480x483.jpg 480w, https:\/\/4biss.com\/wp-content\/uploads\/2024\/08\/Alejandra-de-la-Cruz.jpg 500w\" sizes=\"(max-width: 298px) 100vw, 298px\" \/>\t\t\t\t\t\t\t\t\t\t\t\t\t<\/div>\n\t\t\t\t<\/div>\n\t\t\t\t<div class=\"elementor-element elementor-element-56e3490 elementor-widget elementor-widget-text-editor\" data-id=\"56e3490\" data-element_type=\"widget\" data-widget_type=\"text-editor.default\">\n\t\t\t\t<div class=\"elementor-widget-container\">\n\t\t\t\t\t\t\t<p class=\"elementor-image-box-title\" style=\"text-align: left;\"><span style=\"color: #000000;\"><strong>Mar\u00eda Alejandra de la Cruz<\/strong><\/span><br \/><span style=\"color: #000000;\">An\u00e1lisis Jur\u00eddico<\/span><\/p>\t\t\t\t\t\t<\/div>\n\t\t\t\t<\/div>\n\t\t\t\t\t<\/div>\n\t\t<\/div>\n\t\t\t\t\t<\/div>\n\t\t<\/section>\n\t\t\t\t\t<\/div>\n\t\t<\/div>\n\t\t\t\t\t<\/div>\n\t\t<\/section>\n\t\t\t\t<section class=\"elementor-section elementor-top-section elementor-element elementor-element-6752e3c elementor-section-boxed elementor-section-height-default elementor-section-height-default\" data-id=\"6752e3c\" data-element_type=\"section\" data-settings=\"{&quot;background_background&quot;:&quot;classic&quot;}\">\n\t\t\t\t\t\t<div class=\"elementor-container elementor-column-gap-default\">\n\t\t\t\t\t<div class=\"elementor-column elementor-col-100 elementor-top-column elementor-element elementor-element-1006f02\" data-id=\"1006f02\" data-element_type=\"column\">\n\t\t\t<div class=\"elementor-widget-wrap elementor-element-populated\">\n\t\t\t\t\t\t<section class=\"elementor-section elementor-inner-section elementor-element elementor-element-f4ae1b0 elementor-section-boxed elementor-section-height-default elementor-section-height-default\" data-id=\"f4ae1b0\" data-element_type=\"section\">\n\t\t\t\t\t\t<div class=\"elementor-container elementor-column-gap-extended\">\n\t\t\t\t\t<div class=\"elementor-column elementor-col-33 elementor-inner-column elementor-element elementor-element-afd57ea\" data-id=\"afd57ea\" data-element_type=\"column\">\n\t\t\t<div class=\"elementor-widget-wrap elementor-element-populated\">\n\t\t\t\t\t\t<div class=\"elementor-element elementor-element-b5020ca elementor-widget elementor-widget-image\" data-id=\"b5020ca\" data-element_type=\"widget\" data-widget_type=\"image.default\">\n\t\t\t\t<div class=\"elementor-widget-container\">\n\t\t\t\t\t\t\t\t\t\t\t\t\t<img loading=\"lazy\" decoding=\"async\" width=\"298\" height=\"300\" src=\"https:\/\/4biss.com\/wp-content\/uploads\/2024\/08\/Patricio-Mac-Loughlin-1-298x300.jpg\" class=\"attachment-medium size-medium wp-image-1807\" alt=\"\" srcset=\"https:\/\/4biss.com\/wp-content\/uploads\/2024\/08\/Patricio-Mac-Loughlin-1-298x300.jpg 298w, https:\/\/4biss.com\/wp-content\/uploads\/2024\/08\/Patricio-Mac-Loughlin-1-150x150.jpg 150w, https:\/\/4biss.com\/wp-content\/uploads\/2024\/08\/Patricio-Mac-Loughlin-1-230x231.jpg 230w, https:\/\/4biss.com\/wp-content\/uploads\/2024\/08\/Patricio-Mac-Loughlin-1-350x352.jpg 350w, https:\/\/4biss.com\/wp-content\/uploads\/2024\/08\/Patricio-Mac-Loughlin-1-480x483.jpg 480w, https:\/\/4biss.com\/wp-content\/uploads\/2024\/08\/Patricio-Mac-Loughlin-1.jpg 500w\" sizes=\"(max-width: 298px) 100vw, 298px\" \/>\t\t\t\t\t\t\t\t\t\t\t\t\t<\/div>\n\t\t\t\t<\/div>\n\t\t\t\t<div class=\"elementor-element elementor-element-ead823e elementor-widget elementor-widget-text-editor\" data-id=\"ead823e\" data-element_type=\"widget\" data-widget_type=\"text-editor.default\">\n\t\t\t\t<div class=\"elementor-widget-container\">\n\t\t\t\t\t\t\t<p class=\"elementor-image-box-title\"><strong><span style=\"color: #000000;\">Patricio Mac Loughlin<\/span><\/strong><br \/><span style=\"color: #000000;\">An\u00e1lisis de Proyectos Hoteleros<\/span><\/p>\t\t\t\t\t\t<\/div>\n\t\t\t\t<\/div>\n\t\t\t\t\t<\/div>\n\t\t<\/div>\n\t\t\t\t<div class=\"elementor-column elementor-col-33 elementor-inner-column elementor-element elementor-element-dc0b890\" data-id=\"dc0b890\" data-element_type=\"column\">\n\t\t\t<div class=\"elementor-widget-wrap elementor-element-populated\">\n\t\t\t\t\t\t<div class=\"elementor-element elementor-element-c91e7bf elementor-widget elementor-widget-image\" data-id=\"c91e7bf\" data-element_type=\"widget\" data-widget_type=\"image.default\">\n\t\t\t\t<div class=\"elementor-widget-container\">\n\t\t\t\t\t\t\t\t\t\t\t\t\t<img loading=\"lazy\" decoding=\"async\" width=\"298\" height=\"300\" src=\"https:\/\/4biss.com\/wp-content\/uploads\/2024\/08\/Gustavo-Rici-298x300.jpg\" class=\"attachment-medium size-medium wp-image-1805\" alt=\"\" srcset=\"https:\/\/4biss.com\/wp-content\/uploads\/2024\/08\/Gustavo-Rici-298x300.jpg 298w, https:\/\/4biss.com\/wp-content\/uploads\/2024\/08\/Gustavo-Rici-150x150.jpg 150w, https:\/\/4biss.com\/wp-content\/uploads\/2024\/08\/Gustavo-Rici-230x231.jpg 230w, https:\/\/4biss.com\/wp-content\/uploads\/2024\/08\/Gustavo-Rici-350x352.jpg 350w, https:\/\/4biss.com\/wp-content\/uploads\/2024\/08\/Gustavo-Rici-480x483.jpg 480w, https:\/\/4biss.com\/wp-content\/uploads\/2024\/08\/Gustavo-Rici.jpg 500w\" sizes=\"(max-width: 298px) 100vw, 298px\" \/>\t\t\t\t\t\t\t\t\t\t\t\t\t<\/div>\n\t\t\t\t<\/div>\n\t\t\t\t<div class=\"elementor-element elementor-element-736e24c elementor-widget elementor-widget-text-editor\" data-id=\"736e24c\" data-element_type=\"widget\" data-widget_type=\"text-editor.default\">\n\t\t\t\t<div class=\"elementor-widget-container\">\n\t\t\t\t\t\t\t<p class=\"elementor-image-box-title\" style=\"text-align: left;\"><strong><span style=\"color: #000000;\">Gustavo Ricci<\/span><\/strong><br \/><span style=\"color: #000000;\">An\u00e1lisis Financiero<\/span><\/p>\t\t\t\t\t\t<\/div>\n\t\t\t\t<\/div>\n\t\t\t\t\t<\/div>\n\t\t<\/div>\n\t\t\t\t<div class=\"elementor-column elementor-col-33 elementor-inner-column elementor-element elementor-element-c4584b3\" data-id=\"c4584b3\" data-element_type=\"column\">\n\t\t\t<div class=\"elementor-widget-wrap\">\n\t\t\t\t\t\t\t<\/div>\n\t\t<\/div>\n\t\t\t\t\t<\/div>\n\t\t<\/section>\n\t\t\t\t\t<\/div>\n\t\t<\/div>\n\t\t\t\t\t<\/div>\n\t\t<\/section>\n\t\t\t\t<section class=\"elementor-section elementor-top-section elementor-element elementor-element-ea49dc0 elementor-section-content-middle elementor-section-boxed elementor-section-height-default elementor-section-height-default\" data-id=\"ea49dc0\" data-element_type=\"section\" data-settings=\"{&quot;background_background&quot;:&quot;classic&quot;}\">\n\t\t\t\t\t\t<div class=\"elementor-container elementor-column-gap-default\">\n\t\t\t\t\t<div class=\"elementor-column elementor-col-100 elementor-top-column elementor-element elementor-element-063efb1\" data-id=\"063efb1\" data-element_type=\"column\">\n\t\t\t<div class=\"elementor-widget-wrap elementor-element-populated\">\n\t\t\t\t\t\t<div class=\"elementor-element elementor-element-f2d7f23 elementor-widget elementor-widget-text-editor\" data-id=\"f2d7f23\" data-element_type=\"widget\" data-widget_type=\"text-editor.default\">\n\t\t\t\t<div class=\"elementor-widget-container\">\n\t\t\t\t\t\t\t<div class=\"elementor-element elementor-element-4b98c17 elementor-widget elementor-widget-text-editor\" data-id=\"4b98c17\" data-element_type=\"widget\" data-widget_type=\"text-editor.default\"><div class=\"elementor-widget-container\"><div class=\"elementor-text-editor elementor-clearfix\"><p>Asimismo, contamos con un equipo multidisciplinario de asociados, agentes y colaboradores que son especialistas y poseen vasta experiencia en leyes, arquitectura, servicios financieros, servicios inmobiliarios y gesti\u00f3n hotelera, de manera tal de poder abarcar integralmente todas las \u00e1reas involucradas en una transacci\u00f3n hotelera y su respectivo asesoramiento en la elecci\u00f3n correcta de la marca y el operador que m\u00e1s le conviene al proyecto en funci\u00f3n de los objetivos del inversor.\u00a0<\/p><\/div><\/div><\/div>\t\t\t\t\t\t<\/div>\n\t\t\t\t<\/div>\n\t\t\t\t\t<\/div>\n\t\t<\/div>\n\t\t\t\t\t<\/div>\n\t\t<\/section>\n\t\t\t\t<\/div>\n\t\t","protected":false},"excerpt":{"rendered":"<p>4BISS Nuestra compa\u00f1\u00eda nace en el a\u00f1o 2019 con la necesidad de dar una respuesta a la intermediaci\u00f3n internacional del mercado transaccional [&hellip;]<\/p>\n","protected":false},"author":1,"featured_media":0,"parent":0,"menu_order":0,"comment_status":"closed","ping_status":"closed","template":"page-templates\/page_front-page.php","meta":{"_joinchat":[],"footnotes":""},"class_list":["post-401","page","type-page","status-publish","hentry"],"_links":{"self":[{"href":"https:\/\/4biss.com\/index.php\/wp-json\/wp\/v2\/pages\/401","targetHints":{"allow":["GET"]}}],"collection":[{"href":"https:\/\/4biss.com\/index.php\/wp-json\/wp\/v2\/pages"}],"about":[{"href":"https:\/\/4biss.com\/index.php\/wp-json\/wp\/v2\/types\/page"}],"author":[{"embeddable":true,"href":"https:\/\/4biss.com\/index.php\/wp-json\/wp\/v2\/users\/1"}],"replies":[{"embeddable":true,"href":"https:\/\/4biss.com\/index.php\/wp-json\/wp\/v2\/comments?post=401"}],"version-history":[{"count":152,"href":"https:\/\/4biss.com\/index.php\/wp-json\/wp\/v2\/pages\/401\/revisions"}],"predecessor-version":[{"id":1874,"href":"https:\/\/4biss.com\/index.php\/wp-json\/wp\/v2\/pages\/401\/revisions\/1874"}],"wp:attachment":[{"href":"https:\/\/4biss.com\/index.php\/wp-json\/wp\/v2\/media?parent=401"}],"curies":[{"name":"wp","href":"https:\/\/api.w.org\/{rel}","templated":true}]}}